{"id":2,"date":"2023-10-16T10:31:07","date_gmt":"2023-10-16T07:31:07","guid":{"rendered":"http:\/\/heikkironkko.com\/?page_id=2"},"modified":"2026-03-24T13:40:59","modified_gmt":"2026-03-24T10:40:59","slug":"info","status":"publish","type":"page","link":"http:\/\/heikkironkko.com\/en\/info\/","title":{"rendered":"info"},"content":{"rendered":"<figure class=\"wp-block-image size-large\"><img loading=\"lazy\" decoding=\"async\" width=\"1024\" height=\"933\" src=\"https:\/\/heikkironkko.com\/wp-content\/uploads\/2024\/02\/heikkiro-1024x933.gif\" alt=\"\" class=\"wp-image-147\" srcset=\"https:\/\/heikkironkko.com\/wp-content\/uploads\/2024\/02\/heikkiro-1024x933.gif 1024w, https:\/\/heikkironkko.com\/wp-content\/uploads\/2024\/02\/heikkiro-300x273.gif 300w, https:\/\/heikkironkko.com\/wp-content\/uploads\/2024\/02\/heikkiro-768x700.gif 768w\" sizes=\"auto, (max-width: 1024px) 100vw, 1024px\" \/><\/figure>\n\n\n\n<p class=\"has-text-align-left translation-block\">Heikki R\u00f6nkk\u00f6 is a <s>wimp poser<\/s> comics artist living and working in Helsinki, Finland.<\/p>\n\n\n\n<p><a href=\"mailto:heikki@heikkironkko.com\">heikki@heikkironkko.com<\/a><\/p>\n\n\n\n<p><\/p>","protected":false},"excerpt":{"rendered":"<p>Heikki R\u00f6nkk\u00f6 on Helsingiss\u00e4 asuva ja ty\u00f6skentelev\u00e4 valehtelija ja pelkuri sarjakuvataiteilija. heikki@heikkironkko.com<\/p>","protected":false},"author":1,"featured_media":0,"parent":0,"menu_order":0,"comment_status":"closed","ping_status":"closed","template":"","meta":{"footnotes":""},"class_list":["post-2","page","type-page","status-publish","hentry"],"_links":{"self":[{"href":"http:\/\/heikkironkko.com\/en\/wp-json\/wp\/v2\/pages\/2","targetHints":{"allow":["GET"]}}],"collection":[{"href":"http:\/\/heikkironkko.com\/en\/wp-json\/wp\/v2\/pages"}],"about":[{"href":"http:\/\/heikkironkko.com\/en\/wp-json\/wp\/v2\/types\/page"}],"author":[{"embeddable":true,"href":"http:\/\/heikkironkko.com\/en\/wp-json\/wp\/v2\/users\/1"}],"replies":[{"embeddable":true,"href":"http:\/\/heikkironkko.com\/en\/wp-json\/wp\/v2\/comments?post=2"}],"version-history":[{"count":10,"href":"http:\/\/heikkironkko.com\/en\/wp-json\/wp\/v2\/pages\/2\/revisions"}],"predecessor-version":[{"id":197,"href":"http:\/\/heikkironkko.com\/en\/wp-json\/wp\/v2\/pages\/2\/revisions\/197"}],"wp:attachment":[{"href":"http:\/\/heikkironkko.com\/en\/wp-json\/wp\/v2\/media?parent=2"}],"curies":[{"name":"wp","href":"https:\/\/api.w.org\/{rel}","templated":true}]}}